{"id":245,"date":"2023-03-07T09:53:29","date_gmt":"2023-03-07T08:53:29","guid":{"rendered":"https:\/\/stage.witeblaze.com\/?page_id=245"},"modified":"2024-10-01T08:58:50","modified_gmt":"2024-10-01T06:58:50","slug":"fuer-haendler","status":"publish","type":"page","link":"https:\/\/witeblaze.com\/de\/fuer-haendler\/","title":{"rendered":"F\u00dcR H\u00c4NDLER"},"content":{"rendered":"<h2>F\u00dcR H\u00c4NDLER<\/h2>\n<h5>WITEBLAZE wird exklusiv \u00fcber das SPORT 2000 Netzwerk vertrieben.<br \/>\nWenn Sie WITEBLAZE H\u00e4ndler werden wollen, k\u00f6nnen Sie hier Kontakt mit uns aufnehmen:<\/h5>\n<div class=\"text-center\" style=\"padding-top: 2rem;\"><a class=\"btn btn-primary btn-wb-red mt-2\" href=\"https:\/\/www.sport2000.de\/haendler-werden\" target=\"_blank\" rel=\"noopener\">Deutschland<\/a><br \/>\n<a class=\"btn btn-primary btn-wb-red mt-2\" href=\"https:\/\/sport2000.at\/de\/partner-werden\/44\" target=\"_blank\" rel=\"noopener\">\u00d6sterreich<\/a><br \/>\n<a class=\"btn btn-primary btn-wb-red mt-2\" href=\"https:\/\/www.sportdepot.bg\/en\/pages\/dealers-lp-361\" target=\"_blank\" rel=\"noopener\">Bulgarien<\/a><\/div>\n","protected":false},"excerpt":{"rendered":"<p>F\u00dcR H\u00c4NDLER WITEBLAZE wird exklusiv \u00fcber das SPORT 2000 Netzwerk vertrieben. Wenn Sie WITEBLAZE H\u00e4ndler werden wollen, k\u00f6nnen Sie hier Kontakt mit uns aufnehmen: Deutschland \u00d6sterreich Bulgarien<\/p>\n","protected":false},"author":1,"featured_media":0,"parent":0,"menu_order":11,"comment_status":"closed","ping_status":"closed","template":"custom-dealers.php","meta":{"_acf_changed":false,"footnotes":""},"class_list":["post-245","page","type-page","status-publish","hentry"],"acf":[],"_links":{"self":[{"href":"https:\/\/witeblaze.com\/de\/wp-json\/wp\/v2\/pages\/245","targetHints":{"allow":["GET"]}}],"collection":[{"href":"https:\/\/witeblaze.com\/de\/wp-json\/wp\/v2\/pages"}],"about":[{"href":"https:\/\/witeblaze.com\/de\/wp-json\/wp\/v2\/types\/page"}],"author":[{"embeddable":true,"href":"https:\/\/witeblaze.com\/de\/wp-json\/wp\/v2\/users\/1"}],"replies":[{"embeddable":true,"href":"https:\/\/witeblaze.com\/de\/wp-json\/wp\/v2\/comments?post=245"}],"version-history":[{"count":7,"href":"https:\/\/witeblaze.com\/de\/wp-json\/wp\/v2\/pages\/245\/revisions"}],"predecessor-version":[{"id":414,"href":"https:\/\/witeblaze.com\/de\/wp-json\/wp\/v2\/pages\/245\/revisions\/414"}],"wp:attachment":[{"href":"https:\/\/witeblaze.com\/de\/wp-json\/wp\/v2\/media?parent=245"}],"curies":[{"name":"wp","href":"https:\/\/api.w.org\/{rel}","templated":true}]}}