{"id":390,"date":"2023-03-07T09:53:29","date_gmt":"2023-03-07T08:53:29","guid":{"rendered":"https:\/\/witeblaze.com\/?page_id=390"},"modified":"2024-10-01T08:58:07","modified_gmt":"2024-10-01T06:58:07","slug":"pour-les-detallants","status":"publish","type":"page","link":"https:\/\/witeblaze.com\/fr\/pour-les-detallants\/","title":{"rendered":"Pour les D\u00e9tallants"},"content":{"rendered":"<h2>POUR LES D\u00c9TALLANTS<\/h2>\n<h5>WITEBLAZE est exclusivement distribu\u00e9 dans le r\u00e9seau SPORT 2000.<br \/>\nSi vous souhaitez devenir distributeur de WITEBLAZE, vous pouvez nous contacter ici:<\/h5>\n<div class=\"text-center\" style=\"padding-top: 2rem;\"><a class=\"btn btn-primary btn-wb-red mt-2\" href=\"https:\/\/www.sport2000.de\/haendler-werden\" target=\"_blank\" rel=\"noopener\">Allemagne<\/a><br \/>\n<a class=\"btn btn-primary btn-wb-red mt-2\" href=\"https:\/\/sport2000.at\/de\/partner-werden\/44\" target=\"_blank\" rel=\"noopener\">Autriche<\/a><br \/>\n<a class=\"btn btn-primary btn-wb-red mt-2\" href=\"https:\/\/www.sportdepot.bg\/en\/pages\/dealers-lp-361\" target=\"_blank\" rel=\"noopener\">Bulgarie<\/a><\/div>\n","protected":false},"excerpt":{"rendered":"<p>POUR LES D\u00c9TALLANTS WITEBLAZE est exclusivement distribu\u00e9 dans le r\u00e9seau SPORT 2000. Si vous souhaitez devenir distributeur de WITEBLAZE, vous pouvez nous contacter ici: Allemagne Autriche Bulgarie<\/p>\n","protected":false},"author":1,"featured_media":0,"parent":0,"menu_order":11,"comment_status":"closed","ping_status":"closed","template":"custom-dealers.php","meta":{"_acf_changed":false,"footnotes":""},"class_list":["post-390","page","type-page","status-publish","hentry"],"acf":[],"_links":{"self":[{"href":"https:\/\/witeblaze.com\/fr\/wp-json\/wp\/v2\/pages\/390","targetHints":{"allow":["GET"]}}],"collection":[{"href":"https:\/\/witeblaze.com\/fr\/wp-json\/wp\/v2\/pages"}],"about":[{"href":"https:\/\/witeblaze.com\/fr\/wp-json\/wp\/v2\/types\/page"}],"author":[{"embeddable":true,"href":"https:\/\/witeblaze.com\/fr\/wp-json\/wp\/v2\/users\/1"}],"replies":[{"embeddable":true,"href":"https:\/\/witeblaze.com\/fr\/wp-json\/wp\/v2\/comments?post=390"}],"version-history":[{"count":6,"href":"https:\/\/witeblaze.com\/fr\/wp-json\/wp\/v2\/pages\/390\/revisions"}],"predecessor-version":[{"id":412,"href":"https:\/\/witeblaze.com\/fr\/wp-json\/wp\/v2\/pages\/390\/revisions\/412"}],"wp:attachment":[{"href":"https:\/\/witeblaze.com\/fr\/wp-json\/wp\/v2\/media?parent=390"}],"curies":[{"name":"wp","href":"https:\/\/api.w.org\/{rel}","templated":true}]}}